{"id":1049,"date":"2022-03-02T12:18:52","date_gmt":"2022-03-02T12:18:52","guid":{"rendered":"https:\/\/festinvalencia.com\/proximament\/"},"modified":"2022-03-25T08:06:48","modified_gmt":"2022-03-25T08:06:48","slug":"proximament","status":"publish","type":"page","link":"https:\/\/festinvalencia.com\/va\/","title":{"rendered":"PR\u00d2XIMAMENT"},"content":{"rendered":"\t\t<div data-elementor-type=\"wp-page\" data-elementor-id=\"1049\" class=\"elementor elementor-1049 elementor-930\" data-elementor-post-type=\"page\">\n\t\t\t\t\t\t<section class=\"elementor-section elementor-top-section elementor-element elementor-element-53d1cb0 elementor-section-full_width elementor-section-height-full elementor-section-height-default elementor-section-items-middle\" data-id=\"53d1cb0\" data-element_type=\"section\" data-settings=\"{&quot;background_background&quot;:&quot;classic&quot;}\">\n\t\t\t\t\t\t<div class=\"elementor-container elementor-column-gap-default\">\n\t\t\t\t\t<div class=\"elementor-column elementor-col-100 elementor-top-column elementor-element elementor-element-997f298\" data-id=\"997f298\" data-element_type=\"column\">\n\t\t\t<div class=\"elementor-widget-wrap elementor-element-populated\">\n\t\t\t\t\t\t<div class=\"elementor-element elementor-element-af8c8c4 elementor-widget elementor-widget-heading\" data-id=\"af8c8c4\" data-element_type=\"widget\" data-widget_type=\"heading.default\">\n\t\t\t\t<div class=\"elementor-widget-container\">\n\t\t\t\t\t<h3 class=\"elementor-heading-title elementor-size-default\">PR\u00d2XIMAMENT<\/h3>\t\t\t\t<\/div>\n\t\t\t\t<\/div>\n\t\t\t\t<div class=\"elementor-element elementor-element-90519b7 elementor-widget elementor-widget-text-editor\" data-id=\"90519b7\" data-element_type=\"widget\" data-widget_type=\"text-editor.default\">\n\t\t\t\t<div class=\"elementor-widget-container\">\n\t\t\t\t\t\t\t\t\t<p>Torna el festival que unix el nostre art m\u00e9s aut\u00e8ntic amb la millor gastronomia.<br \/>\n<br \/>A punt per al Fest\u00edn? Falta molt poc.<\/p>\n\t\t\t\t\t\t\t\t<\/div>\n\t\t\t\t<\/div>\n\t\t\t\t\t<\/div>\n\t\t<\/div>\n\t\t\t\t\t<\/div>\n\t\t<\/section>\n\t\t\t\t<\/div>\n\t\t","protected":false},"excerpt":{"rendered":"<p>PR\u00d2XIMAMENT Torna el festival que unix el nostre art m\u00e9s aut\u00e8ntic amb la millor gastronomia. A punt per al Fest\u00edn? Falta molt poc.<\/p>\n","protected":false},"author":1,"featured_media":0,"parent":0,"menu_order":0,"comment_status":"closed","ping_status":"closed","template":"elementor_header_footer","meta":{"_acf_changed":false,"footnotes":""},"class_list":["post-1049","page","type-page","status-publish","hentry"],"acf":[],"yoast_head":"<!-- This site is optimized with the Yoast SEO plugin v27.3 - https:\/\/yoast.com\/product\/yoast-seo-wordpress\/ -->\n<title>PR\u00d2XIMAMENT - Festival de Arte &amp; Gastronom\u00eda<\/title>\n<meta name=\"robots\" content=\"index, follow, max-snippet:-1, max-image-preview:large, max-video-preview:-1\" \/>\n<link rel=\"canonical\" href=\"https:\/\/festinvalencia.com\/en\/\" \/>\n<meta property=\"og:locale\" content=\"en_US\" \/>\n<meta property=\"og:type\" content=\"article\" \/>\n<meta property=\"og:title\" content=\"PR\u00d2XIMAMENT - Festival de Arte &amp; Gastronom\u00eda\" \/>\n<meta property=\"og:description\" content=\"PR\u00d2XIMAMENT Torna el festival que unix el nostre art m\u00e9s aut\u00e8ntic amb la millor gastronomia. A punt per al Fest\u00edn? Falta molt poc.\" \/>\n<meta property=\"og:url\" content=\"https:\/\/festinvalencia.com\/en\/\" \/>\n<meta property=\"og:site_name\" content=\"Festival de Arte &amp; Gastronom\u00eda\" \/>\n<meta property=\"article:publisher\" content=\"https:\/\/www.facebook.com\/turismovalencia\" \/>\n<meta property=\"article:modified_time\" content=\"2022-03-25T08:06:48+00:00\" \/>\n<meta name=\"twitter:card\" content=\"summary_large_image\" \/>\n<meta name=\"twitter:label1\" content=\"Est. reading time\" \/>\n\t<meta name=\"twitter:data1\" content=\"1 minute\" \/>\n<script type=\"application\/ld+json\" class=\"yoast-schema-graph\">{\"@context\":\"https:\\\/\\\/schema.org\",\"@graph\":[{\"@type\":\"WebPage\",\"@id\":\"https:\\\/\\\/festinvalencia.com\\\/en\\\/\",\"url\":\"https:\\\/\\\/festinvalencia.com\\\/en\\\/\",\"name\":\"PR\u00d2XIMAMENT - Festival de Arte &amp; Gastronom\u00eda\",\"isPartOf\":{\"@id\":\"https:\\\/\\\/festinvalencia.com\\\/#website\"},\"datePublished\":\"2022-03-02T12:18:52+00:00\",\"dateModified\":\"2022-03-25T08:06:48+00:00\",\"breadcrumb\":{\"@id\":\"https:\\\/\\\/festinvalencia.com\\\/en\\\/#breadcrumb\"},\"inLanguage\":\"va-ES\",\"potentialAction\":[{\"@type\":\"ReadAction\",\"target\":[\"https:\\\/\\\/festinvalencia.com\\\/en\\\/\"]}]},{\"@type\":\"BreadcrumbList\",\"@id\":\"https:\\\/\\\/festinvalencia.com\\\/en\\\/#breadcrumb\",\"itemListElement\":[{\"@type\":\"ListItem\",\"position\":1,\"name\":\"Portada\",\"item\":\"https:\\\/\\\/festinvalencia.com\\\/en\\\/\"},{\"@type\":\"ListItem\",\"position\":2,\"name\":\"PR\u00d2XIMAMENT\"}]},{\"@type\":\"WebSite\",\"@id\":\"https:\\\/\\\/festinvalencia.com\\\/#website\",\"url\":\"https:\\\/\\\/festinvalencia.com\\\/\",\"name\":\"Festival de Arte &amp; Gastronom\u00eda\",\"description\":\"Otro sitio realizado con WordPress\",\"publisher\":{\"@id\":\"https:\\\/\\\/festinvalencia.com\\\/#organization\"},\"potentialAction\":[{\"@type\":\"SearchAction\",\"target\":{\"@type\":\"EntryPoint\",\"urlTemplate\":\"https:\\\/\\\/festinvalencia.com\\\/?s={search_term_string}\"},\"query-input\":{\"@type\":\"PropertyValueSpecification\",\"valueRequired\":true,\"valueName\":\"search_term_string\"}}],\"inLanguage\":\"va-ES\"},{\"@type\":\"Organization\",\"@id\":\"https:\\\/\\\/festinvalencia.com\\\/#organization\",\"name\":\"Festival de Arte y Gastronom\u00eda Valencia\",\"url\":\"https:\\\/\\\/festinvalencia.com\\\/\",\"logo\":{\"@type\":\"ImageObject\",\"inLanguage\":\"va-ES\",\"@id\":\"https:\\\/\\\/festinvalencia.com\\\/#\\\/schema\\\/logo\\\/image\\\/\",\"url\":\"https:\\\/\\\/festinvalencia.com\\\/wp-content\\\/uploads\\\/2022\\\/03\\\/logo_2022.png\",\"contentUrl\":\"https:\\\/\\\/festinvalencia.com\\\/wp-content\\\/uploads\\\/2022\\\/03\\\/logo_2022.png\",\"width\":188,\"height\":90,\"caption\":\"Festival de Arte y Gastronom\u00eda Valencia\"},\"image\":{\"@id\":\"https:\\\/\\\/festinvalencia.com\\\/#\\\/schema\\\/logo\\\/image\\\/\"},\"sameAs\":[\"https:\\\/\\\/www.facebook.com\\\/turismovalencia\"]}]}<\/script>\n<!-- \/ Yoast SEO plugin. -->","yoast_head_json":{"title":"PR\u00d2XIMAMENT - Festival de Arte &amp; Gastronom\u00eda","robots":{"index":"index","follow":"follow","max-snippet":"max-snippet:-1","max-image-preview":"max-image-preview:large","max-video-preview":"max-video-preview:-1"},"canonical":"https:\/\/festinvalencia.com\/en\/","og_locale":"en_US","og_type":"article","og_title":"PR\u00d2XIMAMENT - Festival de Arte &amp; Gastronom\u00eda","og_description":"PR\u00d2XIMAMENT Torna el festival que unix el nostre art m\u00e9s aut\u00e8ntic amb la millor gastronomia. A punt per al Fest\u00edn? Falta molt poc.","og_url":"https:\/\/festinvalencia.com\/en\/","og_site_name":"Festival de Arte &amp; Gastronom\u00eda","article_publisher":"https:\/\/www.facebook.com\/turismovalencia","article_modified_time":"2022-03-25T08:06:48+00:00","twitter_card":"summary_large_image","twitter_misc":{"Est. reading time":"1 minute"},"schema":{"@context":"https:\/\/schema.org","@graph":[{"@type":"WebPage","@id":"https:\/\/festinvalencia.com\/en\/","url":"https:\/\/festinvalencia.com\/en\/","name":"PR\u00d2XIMAMENT - Festival de Arte &amp; Gastronom\u00eda","isPartOf":{"@id":"https:\/\/festinvalencia.com\/#website"},"datePublished":"2022-03-02T12:18:52+00:00","dateModified":"2022-03-25T08:06:48+00:00","breadcrumb":{"@id":"https:\/\/festinvalencia.com\/en\/#breadcrumb"},"inLanguage":"va-ES","potentialAction":[{"@type":"ReadAction","target":["https:\/\/festinvalencia.com\/en\/"]}]},{"@type":"BreadcrumbList","@id":"https:\/\/festinvalencia.com\/en\/#breadcrumb","itemListElement":[{"@type":"ListItem","position":1,"name":"Portada","item":"https:\/\/festinvalencia.com\/en\/"},{"@type":"ListItem","position":2,"name":"PR\u00d2XIMAMENT"}]},{"@type":"WebSite","@id":"https:\/\/festinvalencia.com\/#website","url":"https:\/\/festinvalencia.com\/","name":"Festival de Arte &amp; Gastronom\u00eda","description":"Otro sitio realizado con WordPress","publisher":{"@id":"https:\/\/festinvalencia.com\/#organization"},"potentialAction":[{"@type":"SearchAction","target":{"@type":"EntryPoint","urlTemplate":"https:\/\/festinvalencia.com\/?s={search_term_string}"},"query-input":{"@type":"PropertyValueSpecification","valueRequired":true,"valueName":"search_term_string"}}],"inLanguage":"va-ES"},{"@type":"Organization","@id":"https:\/\/festinvalencia.com\/#organization","name":"Festival de Arte y Gastronom\u00eda Valencia","url":"https:\/\/festinvalencia.com\/","logo":{"@type":"ImageObject","inLanguage":"va-ES","@id":"https:\/\/festinvalencia.com\/#\/schema\/logo\/image\/","url":"https:\/\/festinvalencia.com\/wp-content\/uploads\/2022\/03\/logo_2022.png","contentUrl":"https:\/\/festinvalencia.com\/wp-content\/uploads\/2022\/03\/logo_2022.png","width":188,"height":90,"caption":"Festival de Arte y Gastronom\u00eda Valencia"},"image":{"@id":"https:\/\/festinvalencia.com\/#\/schema\/logo\/image\/"},"sameAs":["https:\/\/www.facebook.com\/turismovalencia"]}]}},"_links":{"self":[{"href":"https:\/\/festinvalencia.com\/va\/wp-json\/wp\/v2\/pages\/1049","targetHints":{"allow":["GET"]}}],"collection":[{"href":"https:\/\/festinvalencia.com\/va\/wp-json\/wp\/v2\/pages"}],"about":[{"href":"https:\/\/festinvalencia.com\/va\/wp-json\/wp\/v2\/types\/page"}],"author":[{"embeddable":true,"href":"https:\/\/festinvalencia.com\/va\/wp-json\/wp\/v2\/users\/1"}],"replies":[{"embeddable":true,"href":"https:\/\/festinvalencia.com\/va\/wp-json\/wp\/v2\/comments?post=1049"}],"version-history":[{"count":6,"href":"https:\/\/festinvalencia.com\/va\/wp-json\/wp\/v2\/pages\/1049\/revisions"}],"predecessor-version":[{"id":1611,"href":"https:\/\/festinvalencia.com\/va\/wp-json\/wp\/v2\/pages\/1049\/revisions\/1611"}],"wp:attachment":[{"href":"https:\/\/festinvalencia.com\/va\/wp-json\/wp\/v2\/media?parent=1049"}],"curies":[{"name":"wp","href":"https:\/\/api.w.org\/{rel}","templated":true}]}}